{"id":27,"date":"2009-01-06T23:35:24","date_gmt":"2009-01-06T21:35:24","guid":{"rendered":"http:\/\/blog.harfaang.fr\/?page_id=27"},"modified":"2009-01-07T14:52:24","modified_gmt":"2009-01-07T12:52:24","slug":"resolution-enchainements","status":"publish","type":"page","link":"https:\/\/blog.harfaang.fr\/?page_id=27","title":{"rendered":"Resolution &#8211; Enchainements"},"content":{"rendered":"<p>Sur cette page, je resume les conclusions pour chaque enigme, avec les commentaires.<\/p>\n<p>===============<br \/>\n530<\/p>\n<p>Charade : r\u00e9sultats \u00ab Bourges \u00bb.<br \/>\n Les 7 lettres pour les 7 vers.<br \/>\n1 vers pour le \u0091Tout\u0092.<br \/>\n1 vers \u0091surnum\u00e9raire\u0092 \u00ab\u00a0Car la V\u00e9rit\u00e9, en v\u00e9rit\u00e9, ne sera pas affaire de Devin\u00a0\u00bb<\/p>\n<p>Un madit \u00e0 conserver pour la 760<br \/>\nOn vous a demand\u00e9 si l ouverture etait un point sur une droite et vous avez r\u00e9pondu : \u00ab C est exact \u00bb. Je n\u0092ai pas hallucin\u00e9, vous confirmez ?<br \/>\nCe n\u0092est vraiment plus un scoop depuis l\u0092\u00e9poque ou j\u0092ai dit que le trait \u00e0 ne pas regretter en 560 joignait La Nef \u00e0 l\u0092Ouverture ! Ca date du 27 Nov 95 !<\/p>\n<p>Une \u0091excellente question\u0092<br \/>\n<em>Q : LORSQUE L ON VOIT LA NEF PAR L \u0091OUVERTURE, NEPTUNE EST-IL ENCORE EN TRAIN DE NOUS AIDER ?<\/em><br \/>\n<strong>R : OUI. EXCELLENTE QUESTION.<\/strong><\/p>\n<p>Donc il semble bien, mais on reviendra dessus en 560, que on tire un trait qui part de l\u0092eau, et qui enfile Bourges et La Nef. <\/p>\n<p>Je mentionne une autre excellente question parce qu\u0092elle mentionne  l\u0092ouverture, pour utilisation ulterieure :<br \/>\n<em>Q : FIN 470, SI LE PIETON REGARDE PAR L\u0092OUVERTURE, PEUT IL VOIR LE COCHER ?<\/em><br \/>\n<strong>R : NON ! (EXCELLENTE QUESTION !)<\/strong><\/p>\n<p>Conclusion:<br \/>\n<strong>Cot\u00e9 visuel : une indication geographique avec l\u0092\u009cil sur Bourges.<br \/>\nOn d\u00e9marre les \u00e9nigmes, c est la 1ere. On ne bouge pas encore. On est a Bourges.<br \/>\nUn reliquat sur le Devin (?)<br \/>\nCe lieu de d\u00e9part est la cl\u00e9 pour passer \u00e0 la suivante (dixit Max).<br \/>\nDonc ===> 780<\/strong><\/p>\n","protected":false},"excerpt":{"rendered":"<p>Sur cette page, je resume les conclusions pour chaque enigme, avec les commentaires. =============== 530 Charade : r\u00e9sultats \u00ab Bourges \u00bb. Les 7 lettres pour les 7 vers. 1 vers pour le \u0091Tout\u0092. 1 vers \u0091surnum\u00e9raire\u0092 \u00ab\u00a0Car la V\u00e9rit\u00e9, en v\u00e9rit\u00e9, ne sera pas affaire de Devin\u00a0\u00bb Un madit \u00e0 conserver pour la 760 On [&hellip;]<\/p>\n","protected":false},"author":2,"featured_media":0,"parent":0,"menu_order":0,"comment_status":"open","ping_status":"open","template":"","meta":{"footnotes":""},"class_list":["post-27","page","type-page","status-publish","hentry"],"_links":{"self":[{"href":"https:\/\/blog.harfaang.fr\/index.php?rest_route=\/wp\/v2\/pages\/27","targetHints":{"allow":["GET"]}}],"collection":[{"href":"https:\/\/blog.harfaang.fr\/index.php?rest_route=\/wp\/v2\/pages"}],"about":[{"href":"https:\/\/blog.harfaang.fr\/index.php?rest_route=\/wp\/v2\/types\/page"}],"author":[{"embeddable":true,"href":"https:\/\/blog.harfaang.fr\/index.php?rest_route=\/wp\/v2\/users\/2"}],"replies":[{"embeddable":true,"href":"https:\/\/blog.harfaang.fr\/index.php?rest_route=%2Fwp%2Fv2%2Fcomments&post=27"}],"version-history":[{"count":0,"href":"https:\/\/blog.harfaang.fr\/index.php?rest_route=\/wp\/v2\/pages\/27\/revisions"}],"wp:attachment":[{"href":"https:\/\/blog.harfaang.fr\/index.php?rest_route=%2Fwp%2Fv2%2Fmedia&parent=27"}],"curies":[{"name":"wp","href":"https:\/\/api.w.org\/{rel}","templated":true}]}}