{"id":32,"date":"2009-01-07T14:35:55","date_gmt":"2009-01-07T12:35:55","guid":{"rendered":"http:\/\/blog.harfaang.fr\/?page_id=32"},"modified":"2009-01-30T20:05:13","modified_gmt":"2009-01-30T18:05:13","slug":"530","status":"publish","type":"page","link":"https:\/\/blog.harfaang.fr\/?page_id=32","title":{"rendered":"530"},"content":{"rendered":"<p style=\"text-align: center\"><img loading=\"lazy\" decoding=\"async\" src=\"http:\/\/farm4.static.flickr.com\/3352\/3180212691_542e1c2a78.jpg?v=0\" width=\"389\" height=\"500\" \/><\/p>\n<p style=\"text-align: left\">&nbsp;<\/p>\n<p style=\"text-align: center\"><span style=\"font-family: '-webkit-sans-serif'; font-size: 19px; font-weight: bold; line-height: normal\" class=\"Apple-style-span\">OUVERTURE<\/span><\/p>\n<p style=\"text-align: center\"><span style=\"font-size: 19px\" class=\"Apple-style-span\"><\/span><span style=\"font-family: '-webkit-sans-serif'; line-height: normal\" class=\"Apple-style-span\"><\/span><\/p>\n<p style=\"text-align: center\">Mon Premier, premi\u00e8re moiti\u00e9 de la moiti\u00e9 du premier \u00e2ge,<\/p>\n<p style=\"text-align: center\">Pr\u00e9c\u00e8de mes Second et Troisi\u00e8me, cherchant leur chemin.<\/p>\n<p style=\"text-align: center\">Mon Quatri\u00e8me s&rsquo;inspire, mon Cinqui\u00e8me est en rage,<\/p>\n<p style=\"text-align: center\">Mais, sans protester, suit mon Quatri\u00e8me et l&rsquo;alpha romain.<\/p>\n<p style=\"text-align: center\">Mon Sixi\u00e8me, aux limites de l&rsquo;ETERNITE se cache.<\/p>\n<p style=\"text-align: center\">Mon Septi\u00e8me, dress\u00e9, crache son venin.<\/p>\n<p style=\"text-align: center\">Pour trouver mon tout, il suffit d&rsquo;\u00eatre Sage,<\/p>\n<p style=\"text-align: center\">Car la V\u00e9rit\u00e9, en v\u00e9rit\u00e9, ne sera pas affaire de Devin.<\/p>\n<p style=\"text-align: left\"><span style=\"font-family: '-webkit-sans-serif'; font-weight: bold; line-height: normal\" class=\"Apple-style-span\"><\/span><\/p>\n<p><!--more--><\/p>\n<table style=\"width: auto\">\n<tr>\n<td><a href=\"http:\/\/picasaweb.google.fr\/lh\/photo\/3M-O7QHFhUHQ0LI4PNzmRQ?authkey=2zGgCZ2Gl0k&amp;feat=embedwebsite\"><img decoding=\"async\" src=\"http:\/\/lh6.ggpht.com\/_L9voDRNEku8\/SWZx-w4IHLI\/AAAAAAAAAE0\/mmIHLY0cBEY\/s144\/visuel%20530.jpg\" \/><\/a><\/td>\n<\/tr>\n<tr>\n<td style=\"font-family: arial,sans-serif; font-size: 11px; text-align: right\">From <a href=\"http:\/\/picasaweb.google.fr\/telgar.ipod\/ChouetteDort?authkey=2zGgCZ2Gl0k&amp;feat=embedwebsite\">Chouette Dort<\/a><\/td>\n<\/tr>\n<\/table>\n","protected":false},"excerpt":{"rendered":"<p>&nbsp; OUVERTURE Mon Premier, premi\u00e8re moiti\u00e9 de la moiti\u00e9 du premier \u00e2ge, Pr\u00e9c\u00e8de mes Second et Troisi\u00e8me, cherchant leur chemin. Mon Quatri\u00e8me s&rsquo;inspire, mon Cinqui\u00e8me est en rage, Mais, sans protester, suit mon Quatri\u00e8me et l&rsquo;alpha romain. Mon Sixi\u00e8me, aux limites de l&rsquo;ETERNITE se cache. Mon Septi\u00e8me, dress\u00e9, crache son venin. Pour trouver mon tout, [&hellip;]<\/p>\n","protected":false},"author":1,"featured_media":0,"parent":31,"menu_order":0,"comment_status":"open","ping_status":"open","template":"","meta":{"footnotes":""},"class_list":["post-32","page","type-page","status-publish","hentry"],"_links":{"self":[{"href":"https:\/\/blog.harfaang.fr\/index.php?rest_route=\/wp\/v2\/pages\/32","targetHints":{"allow":["GET"]}}],"collection":[{"href":"https:\/\/blog.harfaang.fr\/index.php?rest_route=\/wp\/v2\/pages"}],"about":[{"href":"https:\/\/blog.harfaang.fr\/index.php?rest_route=\/wp\/v2\/types\/page"}],"author":[{"embeddable":true,"href":"https:\/\/blog.harfaang.fr\/index.php?rest_route=\/wp\/v2\/users\/1"}],"replies":[{"embeddable":true,"href":"https:\/\/blog.harfaang.fr\/index.php?rest_route=%2Fwp%2Fv2%2Fcomments&post=32"}],"version-history":[{"count":0,"href":"https:\/\/blog.harfaang.fr\/index.php?rest_route=\/wp\/v2\/pages\/32\/revisions"}],"up":[{"embeddable":true,"href":"https:\/\/blog.harfaang.fr\/index.php?rest_route=\/wp\/v2\/pages\/31"}],"wp:attachment":[{"href":"https:\/\/blog.harfaang.fr\/index.php?rest_route=%2Fwp%2Fv2%2Fmedia&parent=32"}],"curies":[{"name":"wp","href":"https:\/\/api.w.org\/{rel}","templated":true}]}}