{"id":38,"date":"2009-01-30T20:36:12","date_gmt":"2009-01-30T18:36:12","guid":{"rendered":"http:\/\/blog.harfaang.fr\/?page_id=38"},"modified":"2009-01-30T20:36:12","modified_gmt":"2009-01-30T18:36:12","slug":"470","status":"publish","type":"page","link":"https:\/\/blog.harfaang.fr\/?page_id=38","title":{"rendered":"470"},"content":{"rendered":"<p style=\"text-align: center\"><img loading=\"lazy\" decoding=\"async\" src=\"http:\/\/farm4.static.flickr.com\/3485\/3238694057_f73b0ceae3.jpg?v=0\" width=\"350\" height=\"444\" \/><\/p>\n<p style=\"text-align: center\"><strong>CE N&rsquo;EST LE BON CHEMIN<br \/>\nQUE SI LA FLECHE VISE LE <span style=\"text-transform: uppercase\">C\u009cur<\/span><\/strong><\/p>\n<p align=\"center\">Mon Premier par la ga\u00eet\u00e9 se multiplie.<br \/>\nMon Second t&rsquo;offre de l&rsquo;espace,<br \/>\nMon Troisi\u00e8me de l&rsquo;air, et mon Quatri\u00e8me de l&rsquo;eau.<br \/>\nQuant il est couch\u00e9, mon Cinqui\u00e8me ronfle.<br \/>\nMon Sixi\u00e8me vaut cent, et mon Septi\u00e8me n&rsquo;est qu&rsquo;un                              n\u009cud.<br \/>\nMon Huiti\u00e8me a le go\u00fbt du laurier,<br \/>\nTandis que mon Neuvi\u00e8me, par l&rsquo;\u00e9tonnement, se tra\u00eene.<br \/>\nMon Dixi\u00e8me est toujours nu quand il a une liaison.<br \/>\nMon Onzi\u00e8me, enfin, est l&rsquo;inconnue.<\/p>\n<p align=\"center\">Trouve mon Tout, et, par l&rsquo;Ouverture,                              tu verras la lumi\u00e8re.<\/p>\n<p style=\"text-align: center\">&nbsp;<\/p>\n<p style=\"text-align: center\">&nbsp;<\/p>\n","protected":false},"excerpt":{"rendered":"<p>CE N&rsquo;EST LE BON CHEMIN QUE SI LA FLECHE VISE LE C\u009cur Mon Premier par la ga\u00eet\u00e9 se multiplie. Mon Second t&rsquo;offre de l&rsquo;espace, Mon Troisi\u00e8me de l&rsquo;air, et mon Quatri\u00e8me de l&rsquo;eau. Quant il est couch\u00e9, mon Cinqui\u00e8me ronfle. Mon Sixi\u00e8me vaut cent, et mon Septi\u00e8me n&rsquo;est qu&rsquo;un n\u009cud. Mon Huiti\u00e8me a le go\u00fbt [&hellip;]<\/p>\n","protected":false},"author":1,"featured_media":0,"parent":31,"menu_order":0,"comment_status":"open","ping_status":"open","template":"","meta":{"footnotes":""},"class_list":["post-38","page","type-page","status-publish","hentry"],"_links":{"self":[{"href":"https:\/\/blog.harfaang.fr\/index.php?rest_route=\/wp\/v2\/pages\/38","targetHints":{"allow":["GET"]}}],"collection":[{"href":"https:\/\/blog.harfaang.fr\/index.php?rest_route=\/wp\/v2\/pages"}],"about":[{"href":"https:\/\/blog.harfaang.fr\/index.php?rest_route=\/wp\/v2\/types\/page"}],"author":[{"embeddable":true,"href":"https:\/\/blog.harfaang.fr\/index.php?rest_route=\/wp\/v2\/users\/1"}],"replies":[{"embeddable":true,"href":"https:\/\/blog.harfaang.fr\/index.php?rest_route=%2Fwp%2Fv2%2Fcomments&post=38"}],"version-history":[{"count":0,"href":"https:\/\/blog.harfaang.fr\/index.php?rest_route=\/wp\/v2\/pages\/38\/revisions"}],"up":[{"embeddable":true,"href":"https:\/\/blog.harfaang.fr\/index.php?rest_route=\/wp\/v2\/pages\/31"}],"wp:attachment":[{"href":"https:\/\/blog.harfaang.fr\/index.php?rest_route=%2Fwp%2Fv2%2Fmedia&parent=38"}],"curies":[{"name":"wp","href":"https:\/\/api.w.org\/{rel}","templated":true}]}}